{"id":8160,"date":"2024-02-03T13:47:09","date_gmt":"2024-02-03T18:47:09","guid":{"rendered":"https:\/\/distillerieduquai.com\/boutique-en-ligne\/non%20class\u00e9\/rack-barman\/"},"modified":"2026-04-27T22:21:30","modified_gmt":"2026-04-28T02:21:30","slug":"rack-barman","status":"publish","type":"product","link":"https:\/\/distillerieduquai.com\/en\/boutique\/accessoires\/rack-barman\/","title":{"rendered":"Rack barman"},"content":{"rendered":"<p>Il y a une tradition chez DDQ o\u00f9 un des proprio fabrique des racks pour mettre des articles de barman pendant le cong\u00e9 de No\u00ebl. La l\u00e9gende dit m\u00eame que c&#39;est fait avec du bois coup\u00e9 et plan\u00e9 sur sa terre.<\/p>\n<p><\/p>\n<p>Seulement 4 restants en stock! \u00c9crivez-nous pour nous sp\u00e9cifier lequel vous int\u00e9resse.<\/p>\n","protected":false},"excerpt":{"rendered":"<p>Il y a une tradition chez DDQ o\u00f9 un des proprio fabrique des racks pour mettre des articles de barman pendant le cong\u00e9 de No\u00ebl. La l\u00e9gende dit m\u00eame que c&#39;est fait avec du bois coup\u00e9 et plan\u00e9 sur sa terre. Seulement 4 restants en stock! \u00c9crivez-nous pour nous sp\u00e9cifier lequel vous int\u00e9resse.<\/p>\n","protected":false},"featured_media":8650,"template":"","meta":{"_acf_changed":false},"product_brand":[],"product_cat":[252],"product_tag":[],"class_list":{"0":"post-8160","1":"product","2":"type-product","3":"status-publish","4":"has-post-thumbnail","6":"product_cat-accessoires","7":"product_shipping_class-gros-colis","9":"first","10":"instock","11":"taxable","12":"shipping-taxable","13":"purchasable","14":"product-type-simple"},"acf":[],"jetpack_sharing_enabled":true,"_links":{"self":[{"href":"https:\/\/distillerieduquai.com\/en\/wp-json\/wp\/v2\/product\/8160","targetHints":{"allow":["GET"]}}],"collection":[{"href":"https:\/\/distillerieduquai.com\/en\/wp-json\/wp\/v2\/product"}],"about":[{"href":"https:\/\/distillerieduquai.com\/en\/wp-json\/wp\/v2\/types\/product"}],"wp:featuredmedia":[{"embeddable":true,"href":"https:\/\/distillerieduquai.com\/en\/wp-json\/wp\/v2\/media\/8650"}],"wp:attachment":[{"href":"https:\/\/distillerieduquai.com\/en\/wp-json\/wp\/v2\/media?parent=8160"}],"wp:term":[{"taxonomy":"product_brand","embeddable":true,"href":"https:\/\/distillerieduquai.com\/en\/wp-json\/wp\/v2\/product_brand?post=8160"},{"taxonomy":"product_cat","embeddable":true,"href":"https:\/\/distillerieduquai.com\/en\/wp-json\/wp\/v2\/product_cat?post=8160"},{"taxonomy":"product_tag","embeddable":true,"href":"https:\/\/distillerieduquai.com\/en\/wp-json\/wp\/v2\/product_tag?post=8160"}],"curies":[{"name":"wp","href":"https:\/\/api.w.org\/{rel}","templated":true}]}}