{"id":8163,"date":"2024-02-03T13:47:09","date_gmt":"2024-02-03T18:47:09","guid":{"rendered":"https:\/\/distillerieduquai.com\/boutique-en-ligne\/non%20class\u00e9\/sauce-bloody\/"},"modified":"2026-04-25T19:34:31","modified_gmt":"2026-04-25T23:34:31","slug":"sauce-bloody","status":"publish","type":"product","link":"https:\/\/distillerieduquai.com\/en\/boutique\/aromates\/sauce-bloody\/","title":{"rendered":"SAMHOT &#8211; Bloody"},"content":{"rendered":"<p>Un alliage exceptionnel de piments Cayenne\u00a0et de mangue tout r\u00e9fl\u00e9chie pour la mixologie et vos grignotines.<\/p>\n<p>La sauce Bloody SAMHOT\u00a0est compos\u00e9e d&#039;un m\u00e9lange\u00a0parfaitement balanc\u00e9. <br \/>Vous pourrez savourer des Bloody et cocktails inoubliables et elle sera la complice id\u00e9ale de toutes vos grignotines pr\u00e9f\u00e9r\u00e9es! Sublime sur les ailes de poulet, elle est un must pour le Barbecue!<\/p>\n<p>\u00c0 utiliser sans mod\u00e9ration ! Cheers !<\/p>\n","protected":false},"excerpt":{"rendered":"<p>Un alliage exceptionnel de piments Cayenne\u00a0et de mangue tout r\u00e9fl\u00e9chie pour la mixologie et vos grignotines. La sauce Bloody SAMHOT\u00a0est compos\u00e9e d&#039;un m\u00e9lange\u00a0parfaitement balanc\u00e9. Vous pourrez savourer des Bloody et cocktails inoubliables et elle sera la complice id\u00e9ale de toutes vos grignotines pr\u00e9f\u00e9r\u00e9es! Sublime sur les ailes de poulet, elle est un must pour le [&hellip;]<\/p>\n","protected":false},"featured_media":11061,"template":"","meta":{"_acf_changed":false},"product_brand":[],"product_cat":[248],"product_tag":[],"class_list":{"0":"post-8163","1":"product","2":"type-product","3":"status-publish","4":"has-post-thumbnail","6":"product_cat-aromates","8":"first","9":"instock","10":"purchasable","11":"product-type-simple"},"acf":[],"jetpack_sharing_enabled":true,"_links":{"self":[{"href":"https:\/\/distillerieduquai.com\/en\/wp-json\/wp\/v2\/product\/8163","targetHints":{"allow":["GET"]}}],"collection":[{"href":"https:\/\/distillerieduquai.com\/en\/wp-json\/wp\/v2\/product"}],"about":[{"href":"https:\/\/distillerieduquai.com\/en\/wp-json\/wp\/v2\/types\/product"}],"wp:featuredmedia":[{"embeddable":true,"href":"https:\/\/distillerieduquai.com\/en\/wp-json\/wp\/v2\/media\/11061"}],"wp:attachment":[{"href":"https:\/\/distillerieduquai.com\/en\/wp-json\/wp\/v2\/media?parent=8163"}],"wp:term":[{"taxonomy":"product_brand","embeddable":true,"href":"https:\/\/distillerieduquai.com\/en\/wp-json\/wp\/v2\/product_brand?post=8163"},{"taxonomy":"product_cat","embeddable":true,"href":"https:\/\/distillerieduquai.com\/en\/wp-json\/wp\/v2\/product_cat?post=8163"},{"taxonomy":"product_tag","embeddable":true,"href":"https:\/\/distillerieduquai.com\/en\/wp-json\/wp\/v2\/product_tag?post=8163"}],"curies":[{"name":"wp","href":"https:\/\/api.w.org\/{rel}","templated":true}]}}