{"id":8165,"date":"2024-02-03T13:47:09","date_gmt":"2024-02-03T18:47:09","guid":{"rendered":"https:\/\/distillerieduquai.com\/boutique-en-ligne\/non%20class\u00e9\/sauce-piquante-frere-de-feu-barbe-noire\/"},"modified":"2026-04-25T21:32:38","modified_gmt":"2026-04-26T01:32:38","slug":"sauce-piquante-frere-de-feu-barbe-noire","status":"publish","type":"product","link":"https:\/\/distillerieduquai.com\/en\/boutique\/aromates\/sauce-piquante-frere-de-feu-barbe-noire\/","title":{"rendered":"Fr\u00e8res de feu &#8211; Barbe noire"},"content":{"rendered":"<p><strong>Fr\u00e8res de Feu | Sauce Piquante 147ml<\/strong><\/p>\n<p><strong><em>Go\u00fbt:<\/em><\/strong><\/p>\n<p>BBQ &amp; Bi\u00e8re Noire<\/p>\n<p><strong><em>Ingr\u00e9dients:<\/em><\/strong><\/p>\n<p>Piments Forts, Oignons, Bi\u00e8re Rousse, Tomates, Jus de citron fra\u00eechement press\u00e9, Carottes, Vinaigre de cidre, Miel du Qu\u00e9bec, Betteraves Jaunes, Ail du Qu\u00e9bec, Sirop d\u2019\u00e9rable, \u00c9pices &amp; Fines herbes fraiches.<\/p>\n","protected":false},"excerpt":{"rendered":"<p>Fr\u00e8res de Feu | Sauce Piquante 147ml Go\u00fbt: BBQ &amp; Bi\u00e8re Noire Ingr\u00e9dients: Piments Forts, Oignons, Bi\u00e8re Rousse, Tomates, Jus de citron fra\u00eechement press\u00e9, Carottes, Vinaigre de cidre, Miel du Qu\u00e9bec, Betteraves Jaunes, Ail du Qu\u00e9bec, Sirop d\u2019\u00e9rable, \u00c9pices &amp; Fines herbes fraiches.<\/p>\n","protected":false},"featured_media":11058,"template":"","meta":{"_acf_changed":false},"product_brand":[],"product_cat":[248],"product_tag":[],"class_list":{"0":"post-8165","1":"product","2":"type-product","3":"status-publish","4":"has-post-thumbnail","6":"product_cat-aromates","8":"first","9":"instock","10":"purchasable","11":"product-type-simple"},"acf":[],"jetpack_sharing_enabled":true,"_links":{"self":[{"href":"https:\/\/distillerieduquai.com\/en\/wp-json\/wp\/v2\/product\/8165","targetHints":{"allow":["GET"]}}],"collection":[{"href":"https:\/\/distillerieduquai.com\/en\/wp-json\/wp\/v2\/product"}],"about":[{"href":"https:\/\/distillerieduquai.com\/en\/wp-json\/wp\/v2\/types\/product"}],"wp:featuredmedia":[{"embeddable":true,"href":"https:\/\/distillerieduquai.com\/en\/wp-json\/wp\/v2\/media\/11058"}],"wp:attachment":[{"href":"https:\/\/distillerieduquai.com\/en\/wp-json\/wp\/v2\/media?parent=8165"}],"wp:term":[{"taxonomy":"product_brand","embeddable":true,"href":"https:\/\/distillerieduquai.com\/en\/wp-json\/wp\/v2\/product_brand?post=8165"},{"taxonomy":"product_cat","embeddable":true,"href":"https:\/\/distillerieduquai.com\/en\/wp-json\/wp\/v2\/product_cat?post=8165"},{"taxonomy":"product_tag","embeddable":true,"href":"https:\/\/distillerieduquai.com\/en\/wp-json\/wp\/v2\/product_tag?post=8165"}],"curies":[{"name":"wp","href":"https:\/\/api.w.org\/{rel}","templated":true}]}}