{"id":8167,"date":"2024-02-03T13:47:09","date_gmt":"2024-02-03T18:47:09","guid":{"rendered":"https:\/\/distillerieduquai.com\/boutique-en-ligne\/non%20class\u00e9\/savon-o-quai-des-brasseurs\/"},"modified":"2026-04-13T10:28:22","modified_gmt":"2026-04-13T14:28:22","slug":"savon-o-quai-des-brasseurs","status":"publish","type":"product","link":"https:\/\/distillerieduquai.com\/en\/boutique\/produits-derives\/savon-o-quai-des-brasseurs\/","title":{"rendered":"Savon \u00d4 quai des brasseurs"},"content":{"rendered":"<p>Savon artisanal Qu\u00e9b\u00e9cois fait chez La Maison de Bibi \u00e0 la bi\u00e8re La P&#39;tite Floride de \u00d4 Quai des Brasseurs.<\/p>\n<p><\/p>\n<p><a href=\"https:\/\/www.lamaisondebibi.com\/index.php?route=product\/category&#038;path=59\" target=\"_blank\" rel=\"noreferrer noopener nofollow\">https:\/\/www.lamaisondebibi.com\/index.php?route=product\/category&#038;path=59<\/a><\/p>\n","protected":false},"excerpt":{"rendered":"<p>Savon artisanal Qu\u00e9b\u00e9cois fait chez La Maison de Bibi \u00e0 la bi\u00e8re La P&#39;tite Floride de \u00d4 Quai des Brasseurs. https:\/\/www.lamaisondebibi.com\/index.php?route=product\/category&#038;path=59<\/p>\n","protected":false},"featured_media":8585,"template":"","meta":{"_acf_changed":false},"product_brand":[],"product_cat":[34],"product_tag":[],"class_list":{"0":"post-8167","1":"product","2":"type-product","3":"status-publish","4":"has-post-thumbnail","6":"product_cat-produits-derives","8":"first","9":"outofstock","10":"taxable","11":"shipping-taxable","12":"purchasable","13":"product-type-simple"},"acf":[],"jetpack_sharing_enabled":true,"_links":{"self":[{"href":"https:\/\/distillerieduquai.com\/en\/wp-json\/wp\/v2\/product\/8167","targetHints":{"allow":["GET"]}}],"collection":[{"href":"https:\/\/distillerieduquai.com\/en\/wp-json\/wp\/v2\/product"}],"about":[{"href":"https:\/\/distillerieduquai.com\/en\/wp-json\/wp\/v2\/types\/product"}],"wp:featuredmedia":[{"embeddable":true,"href":"https:\/\/distillerieduquai.com\/en\/wp-json\/wp\/v2\/media\/8585"}],"wp:attachment":[{"href":"https:\/\/distillerieduquai.com\/en\/wp-json\/wp\/v2\/media?parent=8167"}],"wp:term":[{"taxonomy":"product_brand","embeddable":true,"href":"https:\/\/distillerieduquai.com\/en\/wp-json\/wp\/v2\/product_brand?post=8167"},{"taxonomy":"product_cat","embeddable":true,"href":"https:\/\/distillerieduquai.com\/en\/wp-json\/wp\/v2\/product_cat?post=8167"},{"taxonomy":"product_tag","embeddable":true,"href":"https:\/\/distillerieduquai.com\/en\/wp-json\/wp\/v2\/product_tag?post=8167"}],"curies":[{"name":"wp","href":"https:\/\/api.w.org\/{rel}","templated":true}]}}