{"id":8181,"date":"2024-02-03T13:47:10","date_gmt":"2024-02-03T18:47:10","guid":{"rendered":"https:\/\/distillerieduquai.com\/boutique-en-ligne\/non%20class\u00e9\/sirop-a-cocktail-kwe-bleuet-lavande\/"},"modified":"2026-04-13T10:28:34","modified_gmt":"2026-04-13T14:28:34","slug":"sirop-a-cocktail-kwe-bleuet-lavande","status":"publish","type":"product","link":"https:\/\/distillerieduquai.com\/en\/boutique\/sirops\/sirop-a-cocktail-kwe-bleuet-lavande\/","title":{"rendered":"Sirop \u00e0 cocktail KWE &#8211; Bleuet Lavande"},"content":{"rendered":"<p>Laissez-nous maintenant vous transporter dans notre pays du bleuet. Ayant grandies \u00e0 travers les champs de bleuets, ce sirop est donc en quelque partie notre enfance en bouteille. <\/p>\n<p>Celui-ci rend hommage \u00e0 notre fiert\u00e9 r\u00e9gionale gr\u00e2ce \u00e0 son m\u00e9lange parfait entre la force tranquille du bleuet, l&#039;odeur des fleurs de lavande ainsi que les tanins du th\u00e9 du labrador. <\/p>\n<p>C&#039;est maintenant votre tour de rendre honneur \u00e0 notre pr\u00e9cieux or bleu. Fermez les yeux et savourez!<\/p>\n<p><strong>\u00c9PICES BOR\u00c9ALES<\/strong><br \/>-Bleuet<br \/>-Lavande<br \/>-Th\u00e9 de Labrador<\/p>\n<p><strong>INGR\u00c9DIENTS<\/strong><br \/>Sucre, Jus de bleuets, Eau, Th\u00e9 du Labrador, Acide citrique, Fleurs de Lavande<\/p>\n","protected":false},"excerpt":{"rendered":"<p>Laissez-nous maintenant vous transporter dans notre pays du bleuet. Ayant grandies \u00e0 travers les champs de bleuets, ce sirop est donc en quelque partie notre enfance en bouteille. Celui-ci rend hommage \u00e0 notre fiert\u00e9 r\u00e9gionale gr\u00e2ce \u00e0 son m\u00e9lange parfait entre la force tranquille du bleuet, l&#039;odeur des fleurs de lavande ainsi que les tanins [&hellip;]<\/p>\n","protected":false},"featured_media":8444,"template":"","meta":{"_acf_changed":false},"product_brand":[],"product_cat":[244],"product_tag":[],"class_list":{"0":"post-8181","1":"product","2":"type-product","3":"status-publish","4":"has-post-thumbnail","6":"product_cat-sirops","8":"first","9":"outofstock","10":"taxable","11":"shipping-taxable","12":"purchasable","13":"product-type-simple"},"acf":[],"jetpack_sharing_enabled":true,"_links":{"self":[{"href":"https:\/\/distillerieduquai.com\/en\/wp-json\/wp\/v2\/product\/8181","targetHints":{"allow":["GET"]}}],"collection":[{"href":"https:\/\/distillerieduquai.com\/en\/wp-json\/wp\/v2\/product"}],"about":[{"href":"https:\/\/distillerieduquai.com\/en\/wp-json\/wp\/v2\/types\/product"}],"wp:featuredmedia":[{"embeddable":true,"href":"https:\/\/distillerieduquai.com\/en\/wp-json\/wp\/v2\/media\/8444"}],"wp:attachment":[{"href":"https:\/\/distillerieduquai.com\/en\/wp-json\/wp\/v2\/media?parent=8181"}],"wp:term":[{"taxonomy":"product_brand","embeddable":true,"href":"https:\/\/distillerieduquai.com\/en\/wp-json\/wp\/v2\/product_brand?post=8181"},{"taxonomy":"product_cat","embeddable":true,"href":"https:\/\/distillerieduquai.com\/en\/wp-json\/wp\/v2\/product_cat?post=8181"},{"taxonomy":"product_tag","embeddable":true,"href":"https:\/\/distillerieduquai.com\/en\/wp-json\/wp\/v2\/product_tag?post=8181"}],"curies":[{"name":"wp","href":"https:\/\/api.w.org\/{rel}","templated":true}]}}