{"id":8182,"date":"2024-02-03T13:47:10","date_gmt":"2024-02-03T18:47:10","guid":{"rendered":"https:\/\/distillerieduquai.com\/boutique-en-ligne\/non%20class\u00e9\/sirop-a-cocktail-kwe-boreal-houblonne\/"},"modified":"2026-04-13T10:28:20","modified_gmt":"2026-04-13T14:28:20","slug":"sirop-a-cocktail-kwe-boreal-houblonne","status":"publish","type":"product","link":"https:\/\/distillerieduquai.com\/en\/boutique\/sirops\/sirop-a-cocktail-kwe-boreal-houblonne\/","title":{"rendered":"Sirop \u00e0 cocktail KWE &#8211; Bor\u00e9al Houblonn\u00e9"},"content":{"rendered":"<p>De la for\u00eat bor\u00e9ale en bouteille, rien de moins! <\/p>\n<p>Notre tonic est aromatis\u00e9 \u00e0 l\u2019\u00e9pinette vieillie, au myrique baumier et houblonn\u00e9 au cascade et mosa\u00efque. \u00c0 la fois amer, fruit\u00e9, floral et herbac\u00e9. <\/p>\n<p>Notre tonic bor\u00e9al pourrait certainement \u00eatre le petit cousin de la IPA!<\/p>\n<p><strong>\u00c9PICES BOR\u00c9ALES<\/strong><br \/>-Myrique Baumier<br \/>-Graines de Berce laineuse<br \/>-\u00c9pinette noire viellie<br \/>-Houblon<\/p>\n<p><strong>INGR\u00c9DIENTS<\/strong><br \/>Eau, Sucre, Lime, Houblon, Acide citrique, Quinine, Essences naturelles<\/p>\n","protected":false},"excerpt":{"rendered":"<p>De la for\u00eat bor\u00e9ale en bouteille, rien de moins! Notre tonic est aromatis\u00e9 \u00e0 l\u2019\u00e9pinette vieillie, au myrique baumier et houblonn\u00e9 au cascade et mosa\u00efque. \u00c0 la fois amer, fruit\u00e9, floral et herbac\u00e9. Notre tonic bor\u00e9al pourrait certainement \u00eatre le petit cousin de la IPA! \u00c9PICES BOR\u00c9ALES-Myrique Baumier-Graines de Berce laineuse-\u00c9pinette noire viellie-Houblon INGR\u00c9DIENTSEau, Sucre, [&hellip;]<\/p>\n","protected":false},"featured_media":8388,"template":"","meta":{"_acf_changed":false},"product_brand":[],"product_cat":[244],"product_tag":[],"class_list":{"0":"post-8182","1":"product","2":"type-product","3":"status-publish","4":"has-post-thumbnail","6":"product_cat-sirops","8":"first","9":"outofstock","10":"taxable","11":"shipping-taxable","12":"purchasable","13":"product-type-simple"},"acf":[],"jetpack_sharing_enabled":true,"_links":{"self":[{"href":"https:\/\/distillerieduquai.com\/en\/wp-json\/wp\/v2\/product\/8182","targetHints":{"allow":["GET"]}}],"collection":[{"href":"https:\/\/distillerieduquai.com\/en\/wp-json\/wp\/v2\/product"}],"about":[{"href":"https:\/\/distillerieduquai.com\/en\/wp-json\/wp\/v2\/types\/product"}],"wp:featuredmedia":[{"embeddable":true,"href":"https:\/\/distillerieduquai.com\/en\/wp-json\/wp\/v2\/media\/8388"}],"wp:attachment":[{"href":"https:\/\/distillerieduquai.com\/en\/wp-json\/wp\/v2\/media?parent=8182"}],"wp:term":[{"taxonomy":"product_brand","embeddable":true,"href":"https:\/\/distillerieduquai.com\/en\/wp-json\/wp\/v2\/product_brand?post=8182"},{"taxonomy":"product_cat","embeddable":true,"href":"https:\/\/distillerieduquai.com\/en\/wp-json\/wp\/v2\/product_cat?post=8182"},{"taxonomy":"product_tag","embeddable":true,"href":"https:\/\/distillerieduquai.com\/en\/wp-json\/wp\/v2\/product_tag?post=8182"}],"curies":[{"name":"wp","href":"https:\/\/api.w.org\/{rel}","templated":true}]}}