{"id":8184,"date":"2024-02-03T13:47:11","date_gmt":"2024-02-03T18:47:11","guid":{"rendered":"https:\/\/distillerieduquai.com\/boutique-en-ligne\/non%20class\u00e9\/sirop-a-cocktail-kwe-cerise-griotte\/"},"modified":"2026-04-13T10:28:27","modified_gmt":"2026-04-13T14:28:27","slug":"sirop-a-cocktail-kwe-cerise-griotte","status":"publish","type":"product","link":"https:\/\/distillerieduquai.com\/en\/boutique\/sirops\/sirop-a-cocktail-kwe-cerise-griotte\/","title":{"rendered":"Sirop \u00e0 cocktail KWE &#8211; Cerise Griotte"},"content":{"rendered":"<p>Chose certaine, celui-ci ne vous laissera pas indiff\u00e9rents !<\/p>\n<p>Ce sirop est \u00e0 la fois parfait pour rehausser la bi\u00e8re, les cocktails et les plats. Ce nectar n\u2019a rien d\u2019une tarte \u00e0 la cerise, mais a su garder le petit c\u00f4t\u00e9 \u00e9lectrisant de celle-ci. Fabriqu\u00e9 avec des cerises de premi\u00e8re qualit\u00e9, cueillies \u00e0 la main.<\/p>\n<p><strong>\u00c9PICES BOR\u00c9ALES<\/strong><br \/>-Cerise Griotte<\/p>\n<p><strong>INGR\u00c9DIENTS<\/strong><br \/>Griottes, Sucre, eau, Citron, Acide citrique<\/p>\n","protected":false},"excerpt":{"rendered":"<p>Chose certaine, celui-ci ne vous laissera pas indiff\u00e9rents ! Ce sirop est \u00e0 la fois parfait pour rehausser la bi\u00e8re, les cocktails et les plats. Ce nectar n\u2019a rien d\u2019une tarte \u00e0 la cerise, mais a su garder le petit c\u00f4t\u00e9 \u00e9lectrisant de celle-ci. Fabriqu\u00e9 avec des cerises de premi\u00e8re qualit\u00e9, cueillies \u00e0 la main. [&hellip;]<\/p>\n","protected":false},"featured_media":8416,"template":"","meta":{"_acf_changed":false},"product_brand":[],"product_cat":[244],"product_tag":[],"class_list":{"0":"post-8184","1":"product","2":"type-product","3":"status-publish","4":"has-post-thumbnail","6":"product_cat-sirops","8":"first","9":"outofstock","10":"taxable","11":"shipping-taxable","12":"purchasable","13":"product-type-simple"},"acf":[],"jetpack_sharing_enabled":true,"_links":{"self":[{"href":"https:\/\/distillerieduquai.com\/en\/wp-json\/wp\/v2\/product\/8184","targetHints":{"allow":["GET"]}}],"collection":[{"href":"https:\/\/distillerieduquai.com\/en\/wp-json\/wp\/v2\/product"}],"about":[{"href":"https:\/\/distillerieduquai.com\/en\/wp-json\/wp\/v2\/types\/product"}],"wp:featuredmedia":[{"embeddable":true,"href":"https:\/\/distillerieduquai.com\/en\/wp-json\/wp\/v2\/media\/8416"}],"wp:attachment":[{"href":"https:\/\/distillerieduquai.com\/en\/wp-json\/wp\/v2\/media?parent=8184"}],"wp:term":[{"taxonomy":"product_brand","embeddable":true,"href":"https:\/\/distillerieduquai.com\/en\/wp-json\/wp\/v2\/product_brand?post=8184"},{"taxonomy":"product_cat","embeddable":true,"href":"https:\/\/distillerieduquai.com\/en\/wp-json\/wp\/v2\/product_cat?post=8184"},{"taxonomy":"product_tag","embeddable":true,"href":"https:\/\/distillerieduquai.com\/en\/wp-json\/wp\/v2\/product_tag?post=8184"}],"curies":[{"name":"wp","href":"https:\/\/api.w.org\/{rel}","templated":true}]}}