{"id":8185,"date":"2024-02-03T13:47:11","date_gmt":"2024-02-03T18:47:11","guid":{"rendered":"https:\/\/distillerieduquai.com\/boutique-en-ligne\/non%20class\u00e9\/sirop-a-cocktail-kwe-forestier\/"},"modified":"2026-04-13T10:28:28","modified_gmt":"2026-04-13T14:28:28","slug":"sirop-a-cocktail-kwe-forestier","status":"publish","type":"product","link":"https:\/\/distillerieduquai.com\/en\/boutique\/sirops\/sirop-a-cocktail-kwe-forestier\/","title":{"rendered":"Sirop \u00e0 cocktail KWE &#8211; Forestier"},"content":{"rendered":"<p>Fait \u00e0 la main \u00e0 partir d\u2019ingr\u00e9dients soigneusement s\u00e9lectionn\u00e9s, notre tonic forestier est compos\u00e9 d\u2019un m\u00e9lange d\u2019\u00e9pices bor\u00e9ales aux ar\u00f4mes d\u2019agrumes et de poivre. Nous avons aussi captur\u00e9 l\u2019essence du c\u00e8dre, lui conf\u00e9rant une amertume des plus agr\u00e9able. <\/p>\n<p>Avec tout cet amalgame d\u2019ingr\u00e9dients enveloppants, notre tonic forestier saura mettre un baume sur votre c\u0153ur, \u00e9t\u00e9 comme hiver!<\/p>\n<p><strong>\u00c9PICES BOR\u00c9ALES<\/strong><br \/>-Th\u00e9 du Labrador<br \/>-Poivre des dunes<br \/>-C\u00e8dre Thuya<br \/>-Comptonie Voyageuse<\/p>\n<p><strong>INGR\u00c9DIENTS<\/strong><br \/>Eau, Sucre, Jus d\u2019orange, Essences naturelles, Quinine, Acide citrique<\/p>\n","protected":false},"excerpt":{"rendered":"<p>Fait \u00e0 la main \u00e0 partir d\u2019ingr\u00e9dients soigneusement s\u00e9lectionn\u00e9s, notre tonic forestier est compos\u00e9 d\u2019un m\u00e9lange d\u2019\u00e9pices bor\u00e9ales aux ar\u00f4mes d\u2019agrumes et de poivre. Nous avons aussi captur\u00e9 l\u2019essence du c\u00e8dre, lui conf\u00e9rant une amertume des plus agr\u00e9able. Avec tout cet amalgame d\u2019ingr\u00e9dients enveloppants, notre tonic forestier saura mettre un baume sur votre c\u0153ur, \u00e9t\u00e9 [&hellip;]<\/p>\n","protected":false},"featured_media":8420,"template":"","meta":{"_acf_changed":false},"product_brand":[],"product_cat":[244],"product_tag":[],"class_list":{"0":"post-8185","1":"product","2":"type-product","3":"status-publish","4":"has-post-thumbnail","6":"product_cat-sirops","8":"first","9":"outofstock","10":"taxable","11":"shipping-taxable","12":"purchasable","13":"product-type-simple"},"acf":[],"jetpack_sharing_enabled":true,"_links":{"self":[{"href":"https:\/\/distillerieduquai.com\/en\/wp-json\/wp\/v2\/product\/8185","targetHints":{"allow":["GET"]}}],"collection":[{"href":"https:\/\/distillerieduquai.com\/en\/wp-json\/wp\/v2\/product"}],"about":[{"href":"https:\/\/distillerieduquai.com\/en\/wp-json\/wp\/v2\/types\/product"}],"wp:featuredmedia":[{"embeddable":true,"href":"https:\/\/distillerieduquai.com\/en\/wp-json\/wp\/v2\/media\/8420"}],"wp:attachment":[{"href":"https:\/\/distillerieduquai.com\/en\/wp-json\/wp\/v2\/media?parent=8185"}],"wp:term":[{"taxonomy":"product_brand","embeddable":true,"href":"https:\/\/distillerieduquai.com\/en\/wp-json\/wp\/v2\/product_brand?post=8185"},{"taxonomy":"product_cat","embeddable":true,"href":"https:\/\/distillerieduquai.com\/en\/wp-json\/wp\/v2\/product_cat?post=8185"},{"taxonomy":"product_tag","embeddable":true,"href":"https:\/\/distillerieduquai.com\/en\/wp-json\/wp\/v2\/product_tag?post=8185"}],"curies":[{"name":"wp","href":"https:\/\/api.w.org\/{rel}","templated":true}]}}