{"id":8186,"date":"2024-02-03T13:47:11","date_gmt":"2024-02-03T18:47:11","guid":{"rendered":"https:\/\/distillerieduquai.com\/boutique-en-ligne\/non%20class\u00e9\/sirop-a-cocktail-kwe-menthe-sauvage\/"},"modified":"2026-04-13T10:28:26","modified_gmt":"2026-04-13T14:28:26","slug":"sirop-a-cocktail-kwe-menthe-sauvage","status":"publish","type":"product","link":"https:\/\/distillerieduquai.com\/en\/boutique\/sirops\/sirop-a-cocktail-kwe-menthe-sauvage\/","title":{"rendered":"Sirop \u00e0 cocktail KWE &#8211; Menthe Sauvage"},"content":{"rendered":"<p>Ah la lime et la menthe! Un classique ensoleill\u00e9! <\/p>\n<p>Laissez votre imagination vous emporter et red\u00e9couvrez le mojito sous un angle nouveau, avec un petit c\u00f4t\u00e9 sauvage et herbac\u00e9. Fait \u00e0 partir de menthe sauvage cueillie \u00e0 la main, le tout pr\u00e9par\u00e9 avec amour!<\/p>\n<p><strong>\u00c9PICES BOR\u00c9ALES<\/strong><br \/>-Menthe Sauvage<\/p>\n<p><strong>INGR\u00c9DIENTS<\/strong><br \/>Eau, Sucre, Lime, Menthe sauvage<\/p>\n","protected":false},"excerpt":{"rendered":"<p>Ah la lime et la menthe! Un classique ensoleill\u00e9! Laissez votre imagination vous emporter et red\u00e9couvrez le mojito sous un angle nouveau, avec un petit c\u00f4t\u00e9 sauvage et herbac\u00e9. Fait \u00e0 partir de menthe sauvage cueillie \u00e0 la main, le tout pr\u00e9par\u00e9 avec amour! \u00c9PICES BOR\u00c9ALES-Menthe Sauvage INGR\u00c9DIENTSEau, Sucre, Lime, Menthe sauvage<\/p>\n","protected":false},"featured_media":8412,"template":"","meta":{"_acf_changed":false},"product_brand":[],"product_cat":[244],"product_tag":[],"class_list":{"0":"post-8186","1":"product","2":"type-product","3":"status-publish","4":"has-post-thumbnail","6":"product_cat-sirops","8":"first","9":"outofstock","10":"taxable","11":"shipping-taxable","12":"purchasable","13":"product-type-simple"},"acf":[],"jetpack_sharing_enabled":true,"_links":{"self":[{"href":"https:\/\/distillerieduquai.com\/en\/wp-json\/wp\/v2\/product\/8186","targetHints":{"allow":["GET"]}}],"collection":[{"href":"https:\/\/distillerieduquai.com\/en\/wp-json\/wp\/v2\/product"}],"about":[{"href":"https:\/\/distillerieduquai.com\/en\/wp-json\/wp\/v2\/types\/product"}],"wp:featuredmedia":[{"embeddable":true,"href":"https:\/\/distillerieduquai.com\/en\/wp-json\/wp\/v2\/media\/8412"}],"wp:attachment":[{"href":"https:\/\/distillerieduquai.com\/en\/wp-json\/wp\/v2\/media?parent=8186"}],"wp:term":[{"taxonomy":"product_brand","embeddable":true,"href":"https:\/\/distillerieduquai.com\/en\/wp-json\/wp\/v2\/product_brand?post=8186"},{"taxonomy":"product_cat","embeddable":true,"href":"https:\/\/distillerieduquai.com\/en\/wp-json\/wp\/v2\/product_cat?post=8186"},{"taxonomy":"product_tag","embeddable":true,"href":"https:\/\/distillerieduquai.com\/en\/wp-json\/wp\/v2\/product_tag?post=8186"}],"curies":[{"name":"wp","href":"https:\/\/api.w.org\/{rel}","templated":true}]}}