{"id":8230,"date":"2024-02-03T13:47:14","date_gmt":"2024-02-03T18:47:14","guid":{"rendered":"https:\/\/distillerieduquai.com\/boutique-en-ligne\/non%20class\u00e9\/vodka\/"},"modified":"2026-04-13T10:27:47","modified_gmt":"2026-04-13T14:27:47","slug":"vodka","status":"publish","type":"product","link":"https:\/\/distillerieduquai.com\/en\/boutique\/spiritueux\/vodka\/","title":{"rendered":"Vodka Sur Glace"},"content":{"rendered":"<p><strong>**Les r\u00e8glements prohibitionnistes en vigueur nous interdisent de faire livrer nos alcools. Ramassage sur place seulement**<\/strong><\/p>\n<p><\/p>\n<p><strong>Droit au but!<\/strong><\/p>\n<p>M\u00e9daill\u00e9e d\u2019argent en 2023 au\u00a0<a href=\"https:\/\/londonspiritscompetition.com\/awards\/certificate-validator\/10494\/\" rel=\"nofollow\">London Spirits Competition<\/a>, cette candide et simple vodka, distill\u00e9e patiemment et m\u00e9ticuleusement, rend hommage aux c\u00e9l\u00e8bres cerb\u00e8res de notre sport national. Ces portiers intraitables qui, souvent laiss\u00e9s \u00e0 eux-m\u00eames, doivent savamment allier la duret\u00e9 du mental et le style papillon.<\/p>\n<p><\/p>\n<p>Impeccable sur glace, elle sera aussi l\u2019\u00e9toile de la soir\u00e9e lorsque d\u00e9ploy\u00e9e en \u00e9quipe dans vos cocktails.<\/p>\n<p><\/p>\n<p>Pour des id\u00e9es de recettes, visitez la section cocktails de notre site internet :<\/p>\n<p><a href=\"https:\/\/distillerieduquai.com\/cocktails\/?_alcool=vodka-sur-glace\" target=\"_blank\" rel=\"noreferrer noopener nofollow\">https:\/\/distillerieduquai.com\/cocktails\/?_alcool=vodka-sur-glace<\/a><\/p>\n<p><\/p>\n<p>Pour commander en ligne sur le site de la SAQ :<\/p>\n<p><a href=\"https:\/\/www.saq.com\/fr\/14947393\" target=\"_blank\" rel=\"noreferrer noopener nofollow\">https:\/\/www.saq.com\/fr\/14947393<\/a><\/p>\n","protected":false},"excerpt":{"rendered":"<p>**Les r\u00e8glements prohibitionnistes en vigueur nous interdisent de faire livrer nos alcools. Ramassage sur place seulement** Droit au but! M\u00e9daill\u00e9e d\u2019argent en 2023 au\u00a0London Spirits Competition, cette candide et simple vodka, distill\u00e9e patiemment et m\u00e9ticuleusement, rend hommage aux c\u00e9l\u00e8bres cerb\u00e8res de notre sport national. Ces portiers intraitables qui, souvent laiss\u00e9s \u00e0 eux-m\u00eames, doivent savamment allier [&hellip;]<\/p>\n","protected":false},"featured_media":8668,"template":"","meta":{"_acf_changed":false},"product_brand":[],"product_cat":[197],"product_tag":[],"class_list":{"0":"post-8230","1":"product","2":"type-product","3":"status-publish","4":"has-post-thumbnail","6":"product_cat-spiritueux","7":"product_shipping_class-ramassage","9":"first","10":"instock","11":"taxable","12":"shipping-taxable","13":"purchasable","14":"product-type-simple"},"acf":[],"jetpack_sharing_enabled":true,"_links":{"self":[{"href":"https:\/\/distillerieduquai.com\/en\/wp-json\/wp\/v2\/product\/8230","targetHints":{"allow":["GET"]}}],"collection":[{"href":"https:\/\/distillerieduquai.com\/en\/wp-json\/wp\/v2\/product"}],"about":[{"href":"https:\/\/distillerieduquai.com\/en\/wp-json\/wp\/v2\/types\/product"}],"wp:featuredmedia":[{"embeddable":true,"href":"https:\/\/distillerieduquai.com\/en\/wp-json\/wp\/v2\/media\/8668"}],"wp:attachment":[{"href":"https:\/\/distillerieduquai.com\/en\/wp-json\/wp\/v2\/media?parent=8230"}],"wp:term":[{"taxonomy":"product_brand","embeddable":true,"href":"https:\/\/distillerieduquai.com\/en\/wp-json\/wp\/v2\/product_brand?post=8230"},{"taxonomy":"product_cat","embeddable":true,"href":"https:\/\/distillerieduquai.com\/en\/wp-json\/wp\/v2\/product_cat?post=8230"},{"taxonomy":"product_tag","embeddable":true,"href":"https:\/\/distillerieduquai.com\/en\/wp-json\/wp\/v2\/product_tag?post=8230"}],"curies":[{"name":"wp","href":"https:\/\/api.w.org\/{rel}","templated":true}]}}