{"id":8231,"date":"2024-02-03T13:47:14","date_gmt":"2024-02-03T18:47:14","guid":{"rendered":"https:\/\/distillerieduquai.com\/boutique-en-ligne\/non%20class\u00e9\/whisky\/"},"modified":"2026-04-13T10:28:14","modified_gmt":"2026-04-13T14:28:14","slug":"whisky","status":"publish","type":"product","link":"https:\/\/distillerieduquai.com\/en\/boutique\/artisan\/whisky\/","title":{"rendered":"Whisky"},"content":{"rendered":"<p><strong>**Les r\u00e8glements prohibitionnistes en vigueur nous interdisent de faire livrer nos alcools. Ramassage sur place seulement**<\/strong><\/p>\n<p><\/p>\n<p><strong>**Tous nos produits artisans incluent un beau sticker de votre choix**<\/strong><\/p>\n<p><\/p>\n<p>Fabriqu\u00e9 \u00e0 Ste-Ang\u00e8le en petite quantit\u00e9 \u00e0 partir d\u2019un mo\u00fbt pr\u00e9par\u00e9 par nos fr\u00e8res de \u00d4 Quai des Brasseurs<u>,<\/u> notre whisky a matur\u00e9 plus de 3 ann\u00e9es en barrique dans les r\u00e8gles de l\u2019Art.<\/p>\n<p><\/p>\n<p><strong>Lot 1:<\/strong> 9 d\u00e9cembre 2023 \/ Mo\u00fbt de UK Peated malt \/ Blend d\u2019une petite barrique neuve + un fond oxydatif vieilli dans une barrique de bourbon \/ 334 bouteilles de 375ml produites.<\/p>\n<p><strong>Lot 2:<\/strong> \u00e0 venir en 2024<\/p>\n<p><\/p>\n<p>Pour des id\u00e9es de recettes, visitez la section cocktails de notre site internet.<\/p>\n","protected":false},"excerpt":{"rendered":"<p>**Les r\u00e8glements prohibitionnistes en vigueur nous interdisent de faire livrer nos alcools. Ramassage sur place seulement** **Tous nos produits artisans incluent un beau sticker de votre choix** Fabriqu\u00e9 \u00e0 Ste-Ang\u00e8le en petite quantit\u00e9 \u00e0 partir d\u2019un mo\u00fbt pr\u00e9par\u00e9 par nos fr\u00e8res de \u00d4 Quai des Brasseurs, notre whisky a matur\u00e9 plus de 3 ann\u00e9es en [&hellip;]<\/p>\n","protected":false},"featured_media":8682,"template":"","meta":{"_acf_changed":false},"product_brand":[],"product_cat":[224],"product_tag":[],"class_list":{"0":"post-8231","1":"product","2":"type-product","3":"status-publish","4":"has-post-thumbnail","6":"product_cat-artisan","8":"first","9":"instock","10":"taxable","11":"shipping-taxable","12":"purchasable","13":"product-type-simple"},"acf":[],"jetpack_sharing_enabled":true,"_links":{"self":[{"href":"https:\/\/distillerieduquai.com\/en\/wp-json\/wp\/v2\/product\/8231","targetHints":{"allow":["GET"]}}],"collection":[{"href":"https:\/\/distillerieduquai.com\/en\/wp-json\/wp\/v2\/product"}],"about":[{"href":"https:\/\/distillerieduquai.com\/en\/wp-json\/wp\/v2\/types\/product"}],"wp:featuredmedia":[{"embeddable":true,"href":"https:\/\/distillerieduquai.com\/en\/wp-json\/wp\/v2\/media\/8682"}],"wp:attachment":[{"href":"https:\/\/distillerieduquai.com\/en\/wp-json\/wp\/v2\/media?parent=8231"}],"wp:term":[{"taxonomy":"product_brand","embeddable":true,"href":"https:\/\/distillerieduquai.com\/en\/wp-json\/wp\/v2\/product_brand?post=8231"},{"taxonomy":"product_cat","embeddable":true,"href":"https:\/\/distillerieduquai.com\/en\/wp-json\/wp\/v2\/product_cat?post=8231"},{"taxonomy":"product_tag","embeddable":true,"href":"https:\/\/distillerieduquai.com\/en\/wp-json\/wp\/v2\/product_tag?post=8231"}],"curies":[{"name":"wp","href":"https:\/\/api.w.org\/{rel}","templated":true}]}}