{"id":8737,"date":"2024-03-13T10:15:21","date_gmt":"2024-03-13T14:15:21","guid":{"rendered":"https:\/\/distillerieduquai.com\/?post_type=product&#038;p=8737"},"modified":"2026-04-13T10:28:36","modified_gmt":"2026-04-13T14:28:36","slug":"bitter-coastal-lime-blue-coast-bitter","status":"publish","type":"product","link":"https:\/\/distillerieduquai.com\/en\/boutique\/aromates\/bitter-coastal-lime-blue-coast-bitter\/","title":{"rendered":"Bitter Coastal Lime &#8211; Blue Coast Bitter"},"content":{"rendered":"<p>Fabriqu\u00e9 \u00e0 partir d\u2019ingr\u00e9dients enti\u00e8rement naturels, le bitter Coastal Lime rehaussera vos gorg\u00e9es d\u2019une touche piquante.\u00a0Au go\u00fbt d&#039;agrumes frais et de houblon succ\u00e8de l&#039;amertume persistante de la gentiane.<\/p>\n<p><\/p>\n<p><strong>Accords\u00a0:\u00a0<\/strong>\u00a0Parfait pour une touche rafra\u00eechissante \u00e0 un vodka-soda ou associez le bitter \u00e0 la lime avec des classiques comme le Gin &amp; Tonic, le Mojito ou un Moscow Mule pour un \u00e9clat suppl\u00e9mentaire de bont\u00e9 citronn\u00e9e.\u00a0Id\u00e9al pour les cocktails sans alcool, pour aromatiser votre eau gazeuse ou pour une utilisation dans des vinaigrettes maison pour une exp\u00e9rience pleine de saveurs.<\/p>\n<p><\/p>\n<p><strong><em>Ingr\u00e9dients :<\/em><\/strong><em>\u00a0Zeste de citron vert, alcool, eau, \u00e9pices, agents am\u00e9risants et sucre de canne biologique.<\/em><\/p>\n<p><\/p>\n<p><em>Conditionn\u00e9 dans un flacon en verre bleu cobalt de 60 ml avec un compte-gouttes en verre.<\/em><\/p>\n","protected":false},"excerpt":{"rendered":"<p>Fabriqu\u00e9 \u00e0 partir d\u2019ingr\u00e9dients enti\u00e8rement naturels, le bitter Coastal Lime rehaussera vos gorg\u00e9es d\u2019une touche piquante.\u00a0Au go\u00fbt d&#039;agrumes frais et de houblon succ\u00e8de l&#039;amertume persistante de la gentiane. Accords\u00a0:\u00a0\u00a0Parfait pour une touche rafra\u00eechissante \u00e0 un vodka-soda ou associez le bitter \u00e0 la lime avec des classiques comme le Gin &amp; Tonic, le Mojito ou un [&hellip;]<\/p>\n","protected":false},"featured_media":9456,"template":"","meta":{"_acf_changed":false},"product_brand":[],"product_cat":[248],"product_tag":[],"class_list":{"0":"post-8737","1":"product","2":"type-product","3":"status-publish","4":"has-post-thumbnail","6":"product_cat-aromates","8":"first","9":"outofstock","10":"taxable","11":"shipping-taxable","12":"purchasable","13":"product-type-simple"},"acf":[],"jetpack_sharing_enabled":true,"_links":{"self":[{"href":"https:\/\/distillerieduquai.com\/en\/wp-json\/wp\/v2\/product\/8737","targetHints":{"allow":["GET"]}}],"collection":[{"href":"https:\/\/distillerieduquai.com\/en\/wp-json\/wp\/v2\/product"}],"about":[{"href":"https:\/\/distillerieduquai.com\/en\/wp-json\/wp\/v2\/types\/product"}],"wp:featuredmedia":[{"embeddable":true,"href":"https:\/\/distillerieduquai.com\/en\/wp-json\/wp\/v2\/media\/9456"}],"wp:attachment":[{"href":"https:\/\/distillerieduquai.com\/en\/wp-json\/wp\/v2\/media?parent=8737"}],"wp:term":[{"taxonomy":"product_brand","embeddable":true,"href":"https:\/\/distillerieduquai.com\/en\/wp-json\/wp\/v2\/product_brand?post=8737"},{"taxonomy":"product_cat","embeddable":true,"href":"https:\/\/distillerieduquai.com\/en\/wp-json\/wp\/v2\/product_cat?post=8737"},{"taxonomy":"product_tag","embeddable":true,"href":"https:\/\/distillerieduquai.com\/en\/wp-json\/wp\/v2\/product_tag?post=8737"}],"curies":[{"name":"wp","href":"https:\/\/api.w.org\/{rel}","templated":true}]}}