{"id":8738,"date":"2024-03-13T10:16:17","date_gmt":"2024-03-13T14:16:17","guid":{"rendered":"https:\/\/distillerieduquai.com\/?post_type=product&#038;p=8738"},"modified":"2026-04-24T22:44:14","modified_gmt":"2026-04-25T02:44:14","slug":"bitter-lake-fever-lavender-blue-coast-bitter","status":"publish","type":"product","link":"https:\/\/distillerieduquai.com\/en\/boutique\/aromates\/bitter-lake-fever-lavender-blue-coast-bitter\/","title":{"rendered":"Bitter Lake Fever Lavender &#8211; Blue Coast Bitter"},"content":{"rendered":"<p>Ce bitter est le printemps captur\u00e9 en bouteille.\u00a0La lavande conf\u00e8re un ar\u00f4me et une saveur floraux distincts, vifs et sucr\u00e9s, compl\u00e9t\u00e9s par des notes fra\u00eeches de menthe et de citron.<\/p>\n<p><\/p>\n<p><strong>Accords\u00a0:\u00a0<\/strong>Apportez un \u00e9l\u00e9ment floral et aromatique \u00e0 des classiques tels que le Lavender Gin &amp; Tonic, le Lavender Martini, la Lavender Margarita ou ajoutez quelques gouttes \u00e0 un cocktail au champagne pour une touche sophistiqu\u00e9e.\u00a0Donnez une touche florale \u00e0 une limonade ou \u00e0 des cocktails sans alcool.<\/p>\n<p><\/p>\n<p><strong><em>Ingr\u00e9dients :<\/em><\/strong><em>\u00a0Lavande, alcool, eau, \u00e9pices, agents am\u00e9risants et miel.<\/em><\/p>\n<p><\/p>\n<p><em>Conditionn\u00e9 dans un flacon en verre bleu cobalt de 60 ml avec un compte-gouttes en verre.<\/em><\/p>\n","protected":false},"excerpt":{"rendered":"<p>Ce bitter est le printemps captur\u00e9 en bouteille.\u00a0La lavande conf\u00e8re un ar\u00f4me et une saveur floraux distincts, vifs et sucr\u00e9s, compl\u00e9t\u00e9s par des notes fra\u00eeches de menthe et de citron. Accords\u00a0:\u00a0Apportez un \u00e9l\u00e9ment floral et aromatique \u00e0 des classiques tels que le Lavender Gin &amp; Tonic, le Lavender Martini, la Lavender Margarita ou ajoutez quelques [&hellip;]<\/p>\n","protected":false},"featured_media":9460,"template":"","meta":{"_acf_changed":false},"product_brand":[],"product_cat":[248],"product_tag":[],"class_list":{"0":"post-8738","1":"product","2":"type-product","3":"status-publish","4":"has-post-thumbnail","6":"product_cat-aromates","8":"first","9":"instock","10":"taxable","11":"shipping-taxable","12":"purchasable","13":"product-type-simple"},"acf":[],"jetpack_sharing_enabled":true,"_links":{"self":[{"href":"https:\/\/distillerieduquai.com\/en\/wp-json\/wp\/v2\/product\/8738","targetHints":{"allow":["GET"]}}],"collection":[{"href":"https:\/\/distillerieduquai.com\/en\/wp-json\/wp\/v2\/product"}],"about":[{"href":"https:\/\/distillerieduquai.com\/en\/wp-json\/wp\/v2\/types\/product"}],"wp:featuredmedia":[{"embeddable":true,"href":"https:\/\/distillerieduquai.com\/en\/wp-json\/wp\/v2\/media\/9460"}],"wp:attachment":[{"href":"https:\/\/distillerieduquai.com\/en\/wp-json\/wp\/v2\/media?parent=8738"}],"wp:term":[{"taxonomy":"product_brand","embeddable":true,"href":"https:\/\/distillerieduquai.com\/en\/wp-json\/wp\/v2\/product_brand?post=8738"},{"taxonomy":"product_cat","embeddable":true,"href":"https:\/\/distillerieduquai.com\/en\/wp-json\/wp\/v2\/product_cat?post=8738"},{"taxonomy":"product_tag","embeddable":true,"href":"https:\/\/distillerieduquai.com\/en\/wp-json\/wp\/v2\/product_tag?post=8738"}],"curies":[{"name":"wp","href":"https:\/\/api.w.org\/{rel}","templated":true}]}}