{"id":8740,"date":"2024-03-13T10:17:56","date_gmt":"2024-03-13T14:17:56","guid":{"rendered":"https:\/\/distillerieduquai.com\/?post_type=product&#038;p=8740"},"modified":"2026-04-25T21:10:42","modified_gmt":"2026-04-26T01:10:42","slug":"bitter-tippy-canoe-tiki-blue-coast-bitter","status":"publish","type":"product","link":"https:\/\/distillerieduquai.com\/en\/boutique\/aromates\/bitter-tippy-canoe-tiki-blue-coast-bitter\/","title":{"rendered":"Bitter Tippy Canoe Tiki &#8211; Blue Coast Bitter"},"content":{"rendered":"<p>Le go\u00fbt de l&#039;ananas frais m\u00e9lang\u00e9 \u00e0 la noix de coco grill\u00e9e est compl\u00e9t\u00e9 par des notes de cassonade et d&#039;un m\u00e9lange d&#039;\u00e9pices.\u00a0Ce bitter ont une amertume subtile, mais durable qui compl\u00e8tera n\u2019importe quel cocktail sucr\u00e9 et facile \u00e0 siroter.<\/p>\n<p><\/p>\n<p><strong>Accords :\u00a0<\/strong>\u00a0Utilisez cet amer pour ajouter une touche tropicale \u00e0 vos cocktails ou essayez-le dans des classiques comme le Pina Colada, le Mojito ou un Daiquiri.\u00a0Rehaussez le go\u00fbt des cocktails sans alcool, du th\u00e9 glac\u00e9 ou de la limonade en leur donnant un punch tiki.\u00a0<\/p>\n<p><\/p>\n<p><strong><em>Ingr\u00e9dients :<\/em><\/strong><em>\u00a0Ananas, alcool, eau, noix de coco, \u00e9pices, agents am\u00e9risants et sucre.<\/em><\/p>\n<p><\/p>\n<p><em>Conditionn\u00e9 dans un flacon en verre bleu cobalt de 60 ml avec un compte-gouttes en verre.<\/em><\/p>\n","protected":false},"excerpt":{"rendered":"<p>Le go\u00fbt de l&#039;ananas frais m\u00e9lang\u00e9 \u00e0 la noix de coco grill\u00e9e est compl\u00e9t\u00e9 par des notes de cassonade et d&#039;un m\u00e9lange d&#039;\u00e9pices.\u00a0Ce bitter ont une amertume subtile, mais durable qui compl\u00e8tera n\u2019importe quel cocktail sucr\u00e9 et facile \u00e0 siroter. Accords :\u00a0\u00a0Utilisez cet amer pour ajouter une touche tropicale \u00e0 vos cocktails ou essayez-le dans [&hellip;]<\/p>\n","protected":false},"featured_media":9464,"template":"","meta":{"_acf_changed":false},"product_brand":[],"product_cat":[248],"product_tag":[],"class_list":{"0":"post-8740","1":"product","2":"type-product","3":"status-publish","4":"has-post-thumbnail","6":"product_cat-aromates","8":"first","9":"instock","10":"taxable","11":"shipping-taxable","12":"purchasable","13":"product-type-simple"},"acf":[],"jetpack_sharing_enabled":true,"_links":{"self":[{"href":"https:\/\/distillerieduquai.com\/en\/wp-json\/wp\/v2\/product\/8740","targetHints":{"allow":["GET"]}}],"collection":[{"href":"https:\/\/distillerieduquai.com\/en\/wp-json\/wp\/v2\/product"}],"about":[{"href":"https:\/\/distillerieduquai.com\/en\/wp-json\/wp\/v2\/types\/product"}],"wp:featuredmedia":[{"embeddable":true,"href":"https:\/\/distillerieduquai.com\/en\/wp-json\/wp\/v2\/media\/9464"}],"wp:attachment":[{"href":"https:\/\/distillerieduquai.com\/en\/wp-json\/wp\/v2\/media?parent=8740"}],"wp:term":[{"taxonomy":"product_brand","embeddable":true,"href":"https:\/\/distillerieduquai.com\/en\/wp-json\/wp\/v2\/product_brand?post=8740"},{"taxonomy":"product_cat","embeddable":true,"href":"https:\/\/distillerieduquai.com\/en\/wp-json\/wp\/v2\/product_cat?post=8740"},{"taxonomy":"product_tag","embeddable":true,"href":"https:\/\/distillerieduquai.com\/en\/wp-json\/wp\/v2\/product_tag?post=8740"}],"curies":[{"name":"wp","href":"https:\/\/api.w.org\/{rel}","templated":true}]}}