{"id":9135,"date":"2024-03-23T11:34:10","date_gmt":"2024-03-23T15:34:10","guid":{"rendered":"https:\/\/distillerieduquai.com\/?post_type=product&#038;p=9135"},"modified":"2026-04-24T23:08:31","modified_gmt":"2026-04-25T03:08:31","slug":"freres-de-feu-la-canadienne","status":"publish","type":"product","link":"https:\/\/distillerieduquai.com\/en\/boutique\/aromates\/freres-de-feu-la-canadienne\/","title":{"rendered":"Fr\u00e8res de Feu &#8211; La canadienne"},"content":{"rendered":"<p>De nos voisins de Nicolet, Les Fr\u00e8res de Feu!<\/p>\n<p><\/p>\n<p><strong><em>Go\u00fbt:<\/em><\/strong><\/p>\n<p><strong><em>\u00a0<\/em><\/strong>Whisky Fum\u00e9 \u00e0 l&#039;\u00c9rable<\/p>\n<p>\u00a0<\/p>\n<p><strong><em>Ingr\u00e9dients:<\/em><\/strong><\/p>\n<p>Piments Fum\u00e9s, Oignons, Eau de source, Jus de citron fra\u00eechement press\u00e9, Carottes, Vinaigre de cidre, Whisky Canadian Club, Ail fum\u00e9, Betteraves Jaunes, Rutabagas, Sirop d\u2019\u00e9rable, Fines herbes fraiches, Sel de mer.<\/p>\n","protected":false},"excerpt":{"rendered":"<p>De nos voisins de Nicolet, Les Fr\u00e8res de Feu! Go\u00fbt: \u00a0Whisky Fum\u00e9 \u00e0 l&#039;\u00c9rable \u00a0 Ingr\u00e9dients: Piments Fum\u00e9s, Oignons, Eau de source, Jus de citron fra\u00eechement press\u00e9, Carottes, Vinaigre de cidre, Whisky Canadian Club, Ail fum\u00e9, Betteraves Jaunes, Rutabagas, Sirop d\u2019\u00e9rable, Fines herbes fraiches, Sel de mer.<\/p>\n","protected":false},"featured_media":9165,"template":"","meta":{"_acf_changed":false},"product_brand":[],"product_cat":[248],"product_tag":[],"class_list":{"0":"post-9135","1":"product","2":"type-product","3":"status-publish","4":"has-post-thumbnail","6":"product_cat-aromates","8":"first","9":"instock","10":"purchasable","11":"product-type-simple"},"acf":[],"jetpack_sharing_enabled":true,"_links":{"self":[{"href":"https:\/\/distillerieduquai.com\/en\/wp-json\/wp\/v2\/product\/9135","targetHints":{"allow":["GET"]}}],"collection":[{"href":"https:\/\/distillerieduquai.com\/en\/wp-json\/wp\/v2\/product"}],"about":[{"href":"https:\/\/distillerieduquai.com\/en\/wp-json\/wp\/v2\/types\/product"}],"wp:featuredmedia":[{"embeddable":true,"href":"https:\/\/distillerieduquai.com\/en\/wp-json\/wp\/v2\/media\/9165"}],"wp:attachment":[{"href":"https:\/\/distillerieduquai.com\/en\/wp-json\/wp\/v2\/media?parent=9135"}],"wp:term":[{"taxonomy":"product_brand","embeddable":true,"href":"https:\/\/distillerieduquai.com\/en\/wp-json\/wp\/v2\/product_brand?post=9135"},{"taxonomy":"product_cat","embeddable":true,"href":"https:\/\/distillerieduquai.com\/en\/wp-json\/wp\/v2\/product_cat?post=9135"},{"taxonomy":"product_tag","embeddable":true,"href":"https:\/\/distillerieduquai.com\/en\/wp-json\/wp\/v2\/product_tag?post=9135"}],"curies":[{"name":"wp","href":"https:\/\/api.w.org\/{rel}","templated":true}]}}