{"id":9141,"date":"2024-03-23T11:41:52","date_gmt":"2024-03-23T15:41:52","guid":{"rendered":"https:\/\/distillerieduquai.com\/?post_type=product&#038;p=9141"},"modified":"2026-04-25T18:45:41","modified_gmt":"2026-04-25T22:45:41","slug":"freres-de-feu-ensemble-de-sauces","status":"publish","type":"product","link":"https:\/\/distillerieduquai.com\/en\/boutique\/aromates\/freres-de-feu-ensemble-de-sauces\/","title":{"rendered":"Fr\u00e8res de Feu &#8211; Ensemble de sauces"},"content":{"rendered":"<p><strong>Fr\u00e8res de Feu |\u00a0Coffret Cadeau<\/strong><\/p>\n<p>Un trio de sauces qu\u00e9b\u00e9coises de qualit\u00e9 sup\u00e9rieure dans lequel vous retrouverez bien des saveurs et beaucoup de chaleur !<\/p>\n<p><strong>Canadienne<\/strong><\/p>\n<p>Sauce fum\u00e9\u00a0\u00e0\u00a0saveur de whisky et d&#039;\u00e9rable.<\/p>\n<p>_________________________________________________________________________________________________<\/p>\n<p><strong>Barbe Noire<\/strong><\/p>\n<p>Sauce\u00a0\u00e0 la bi\u00e8re noire\u00a0\u00e0 saveur de BBQ.<\/p>\n<p>_________________________________________________________________________________________________<\/p>\n<p><strong>Pays &#8211; Br\u00fbl\u00e9<\/strong><\/p>\n<p>Sauce au Ma\u00efs noirci\u00a0\u00e0\u00a0saveur de salsa mexicaine.<\/p>\n","protected":false},"excerpt":{"rendered":"<p>Fr\u00e8res de Feu |\u00a0Coffret Cadeau Un trio de sauces qu\u00e9b\u00e9coises de qualit\u00e9 sup\u00e9rieure dans lequel vous retrouverez bien des saveurs et beaucoup de chaleur ! Canadienne Sauce fum\u00e9\u00a0\u00e0\u00a0saveur de whisky et d&#039;\u00e9rable. _________________________________________________________________________________________________ Barbe Noire Sauce\u00a0\u00e0 la bi\u00e8re noire\u00a0\u00e0 saveur de BBQ. _________________________________________________________________________________________________ Pays &#8211; Br\u00fbl\u00e9 Sauce au Ma\u00efs noirci\u00a0\u00e0\u00a0saveur de salsa mexicaine.<\/p>\n","protected":false},"featured_media":9484,"template":"","meta":{"_acf_changed":false},"product_brand":[],"product_cat":[248],"product_tag":[],"class_list":{"0":"post-9141","1":"product","2":"type-product","3":"status-publish","4":"has-post-thumbnail","6":"product_cat-aromates","8":"first","9":"instock","10":"purchasable","11":"product-type-simple"},"acf":[],"jetpack_sharing_enabled":true,"_links":{"self":[{"href":"https:\/\/distillerieduquai.com\/en\/wp-json\/wp\/v2\/product\/9141","targetHints":{"allow":["GET"]}}],"collection":[{"href":"https:\/\/distillerieduquai.com\/en\/wp-json\/wp\/v2\/product"}],"about":[{"href":"https:\/\/distillerieduquai.com\/en\/wp-json\/wp\/v2\/types\/product"}],"wp:featuredmedia":[{"embeddable":true,"href":"https:\/\/distillerieduquai.com\/en\/wp-json\/wp\/v2\/media\/9484"}],"wp:attachment":[{"href":"https:\/\/distillerieduquai.com\/en\/wp-json\/wp\/v2\/media?parent=9141"}],"wp:term":[{"taxonomy":"product_brand","embeddable":true,"href":"https:\/\/distillerieduquai.com\/en\/wp-json\/wp\/v2\/product_brand?post=9141"},{"taxonomy":"product_cat","embeddable":true,"href":"https:\/\/distillerieduquai.com\/en\/wp-json\/wp\/v2\/product_cat?post=9141"},{"taxonomy":"product_tag","embeddable":true,"href":"https:\/\/distillerieduquai.com\/en\/wp-json\/wp\/v2\/product_tag?post=9141"}],"curies":[{"name":"wp","href":"https:\/\/api.w.org\/{rel}","templated":true}]}}