{"id":9151,"date":"2024-03-23T11:57:30","date_gmt":"2024-03-23T15:57:30","guid":{"rendered":"https:\/\/distillerieduquai.com\/?post_type=product&#038;p=9151"},"modified":"2026-04-25T20:01:25","modified_gmt":"2026-04-26T00:01:25","slug":"freres-de-feu-pays-brule","status":"publish","type":"product","link":"https:\/\/distillerieduquai.com\/en\/boutique\/aromates\/freres-de-feu-pays-brule\/","title":{"rendered":"Fr\u00e8res de Feu &#8211; Pays Brul\u00e9s"},"content":{"rendered":"<p><strong><em>Go\u00fbt:<\/em><\/strong><\/p>\n<p><strong><em>\u00a0<\/em><\/strong>Ail &amp; Ma\u00efs Noirci<\/p>\n<p>\u00a0<\/p>\n<p><strong><em>Ingr\u00e9dients:<\/em><\/strong><\/p>\n<p>\u00a0Piments forts, Tomates fraiches, Eau de source, Jus de citron fraichement press\u00e9, Vinaigre de vin blanc, concombre, Jus de lime fraichement press\u00e9, Ma\u00efs, Ail du Qu\u00e9bec, Mangue, \u00c9pices et Fines herbes fraiches.<\/p>\n","protected":false},"excerpt":{"rendered":"<p>Go\u00fbt: \u00a0Ail &amp; Ma\u00efs Noirci \u00a0 Ingr\u00e9dients: \u00a0Piments forts, Tomates fraiches, Eau de source, Jus de citron fraichement press\u00e9, Vinaigre de vin blanc, concombre, Jus de lime fraichement press\u00e9, Ma\u00efs, Ail du Qu\u00e9bec, Mangue, \u00c9pices et Fines herbes fraiches.<\/p>\n","protected":false},"featured_media":9173,"template":"","meta":{"_acf_changed":false},"product_brand":[],"product_cat":[248],"product_tag":[],"class_list":{"0":"post-9151","1":"product","2":"type-product","3":"status-publish","4":"has-post-thumbnail","6":"product_cat-aromates","8":"first","9":"instock","10":"purchasable","11":"product-type-simple"},"acf":[],"jetpack_sharing_enabled":true,"_links":{"self":[{"href":"https:\/\/distillerieduquai.com\/en\/wp-json\/wp\/v2\/product\/9151","targetHints":{"allow":["GET"]}}],"collection":[{"href":"https:\/\/distillerieduquai.com\/en\/wp-json\/wp\/v2\/product"}],"about":[{"href":"https:\/\/distillerieduquai.com\/en\/wp-json\/wp\/v2\/types\/product"}],"wp:featuredmedia":[{"embeddable":true,"href":"https:\/\/distillerieduquai.com\/en\/wp-json\/wp\/v2\/media\/9173"}],"wp:attachment":[{"href":"https:\/\/distillerieduquai.com\/en\/wp-json\/wp\/v2\/media?parent=9151"}],"wp:term":[{"taxonomy":"product_brand","embeddable":true,"href":"https:\/\/distillerieduquai.com\/en\/wp-json\/wp\/v2\/product_brand?post=9151"},{"taxonomy":"product_cat","embeddable":true,"href":"https:\/\/distillerieduquai.com\/en\/wp-json\/wp\/v2\/product_cat?post=9151"},{"taxonomy":"product_tag","embeddable":true,"href":"https:\/\/distillerieduquai.com\/en\/wp-json\/wp\/v2\/product_tag?post=9151"}],"curies":[{"name":"wp","href":"https:\/\/api.w.org\/{rel}","templated":true}]}}