{"id":9154,"date":"2024-03-23T12:09:30","date_gmt":"2024-03-23T16:09:30","guid":{"rendered":"https:\/\/distillerieduquai.com\/?post_type=product&#038;p=9154"},"modified":"2026-04-24T22:53:07","modified_gmt":"2026-04-25T02:53:07","slug":"samhot-habanero-mango","status":"publish","type":"product","link":"https:\/\/distillerieduquai.com\/en\/boutique\/aromates\/samhot-habanero-mango\/","title":{"rendered":"SAMHOT &#8211; Habanero Mango"},"content":{"rendered":"<p>Un m\u00e9lange parfaitement \u00e9quilibr\u00e9 entre le fruit\u00e9 de la mangue et le go\u00fbt \u00e9pic\u00e9 du piment, id\u00e9al avec vos soupes asiatiques, les grillades de porc, d&#039;agneau et de poulet, les tacos, les fruits de mers et les l\u00e9gumes. Elle fera une mayo \u00abpimp\u00e9e\u00bb \u00e0 tout casser!<\/p>\n<p><\/p>\n<ul>\n<li>Piments :\u00a0Piment Habanero<\/li>\n<li>Niveau de chaleur :\u00a0Niveau 8<\/li>\n<li>Pays :\u00a0Qu\u00e9bec<\/li>\n<\/ul>\n","protected":false},"excerpt":{"rendered":"<p>Un m\u00e9lange parfaitement \u00e9quilibr\u00e9 entre le fruit\u00e9 de la mangue et le go\u00fbt \u00e9pic\u00e9 du piment, id\u00e9al avec vos soupes asiatiques, les grillades de porc, d&#039;agneau et de poulet, les tacos, les fruits de mers et les l\u00e9gumes. Elle fera une mayo \u00abpimp\u00e9e\u00bb \u00e0 tout casser! Piments :\u00a0Piment Habanero Niveau de chaleur :\u00a0Niveau 8 Pays [&hellip;]<\/p>\n","protected":false},"featured_media":11086,"template":"","meta":{"_acf_changed":false},"product_brand":[],"product_cat":[248],"product_tag":[],"class_list":{"0":"post-9154","1":"product","2":"type-product","3":"status-publish","4":"has-post-thumbnail","6":"product_cat-aromates","8":"first","9":"instock","10":"purchasable","11":"product-type-simple"},"acf":[],"jetpack_sharing_enabled":true,"_links":{"self":[{"href":"https:\/\/distillerieduquai.com\/en\/wp-json\/wp\/v2\/product\/9154","targetHints":{"allow":["GET"]}}],"collection":[{"href":"https:\/\/distillerieduquai.com\/en\/wp-json\/wp\/v2\/product"}],"about":[{"href":"https:\/\/distillerieduquai.com\/en\/wp-json\/wp\/v2\/types\/product"}],"wp:featuredmedia":[{"embeddable":true,"href":"https:\/\/distillerieduquai.com\/en\/wp-json\/wp\/v2\/media\/11086"}],"wp:attachment":[{"href":"https:\/\/distillerieduquai.com\/en\/wp-json\/wp\/v2\/media?parent=9154"}],"wp:term":[{"taxonomy":"product_brand","embeddable":true,"href":"https:\/\/distillerieduquai.com\/en\/wp-json\/wp\/v2\/product_brand?post=9154"},{"taxonomy":"product_cat","embeddable":true,"href":"https:\/\/distillerieduquai.com\/en\/wp-json\/wp\/v2\/product_cat?post=9154"},{"taxonomy":"product_tag","embeddable":true,"href":"https:\/\/distillerieduquai.com\/en\/wp-json\/wp\/v2\/product_tag?post=9154"}],"curies":[{"name":"wp","href":"https:\/\/api.w.org\/{rel}","templated":true}]}}