{"id":9159,"date":"2024-03-23T12:13:06","date_gmt":"2024-03-23T16:13:06","guid":{"rendered":"https:\/\/distillerieduquai.com\/?post_type=product&#038;p=9159"},"modified":"2026-04-25T17:25:12","modified_gmt":"2026-04-25T21:25:12","slug":"samhot-lime-sublime","status":"publish","type":"product","link":"https:\/\/distillerieduquai.com\/en\/boutique\/aromates\/samhot-lime-sublime\/","title":{"rendered":"SAMHOT &#8211; Lime Sublime"},"content":{"rendered":"<p>Sublime&#8230; \u00e0 la fois douce et piquante. Ses notes acidul\u00e9es de lime fra\u00eeche sont arrondis par la douceur du sirop d&#039;\u00e9rable. La douce compagne de vos nachos, le compl\u00e9ment d&#039;un Bloody soyeux et la finition unique sur le poisson, le porc effiloch\u00e9 ou le poulet grill\u00e9.<\/p>\n<p><\/p>\n<ul>\n<li>Piments :\u00a0Piment Jalapeno<\/li>\n<li>Niveau de chaleur :\u00a0Niveau 4<\/li>\n<li>Pays :\u00a0Qu\u00e9bec<\/li>\n<\/ul>\n","protected":false},"excerpt":{"rendered":"<p>Sublime&#8230; \u00e0 la fois douce et piquante. Ses notes acidul\u00e9es de lime fra\u00eeche sont arrondis par la douceur du sirop d&#039;\u00e9rable. La douce compagne de vos nachos, le compl\u00e9ment d&#039;un Bloody soyeux et la finition unique sur le poisson, le porc effiloch\u00e9 ou le poulet grill\u00e9. Piments :\u00a0Piment Jalapeno Niveau de chaleur :\u00a0Niveau 4 Pays [&hellip;]<\/p>\n","protected":false},"featured_media":11083,"template":"","meta":{"_acf_changed":false},"product_brand":[],"product_cat":[248],"product_tag":[],"class_list":{"0":"post-9159","1":"product","2":"type-product","3":"status-publish","4":"has-post-thumbnail","6":"product_cat-aromates","8":"first","9":"instock","10":"taxable","11":"shipping-taxable","12":"purchasable","13":"product-type-simple"},"acf":[],"jetpack_sharing_enabled":true,"_links":{"self":[{"href":"https:\/\/distillerieduquai.com\/en\/wp-json\/wp\/v2\/product\/9159","targetHints":{"allow":["GET"]}}],"collection":[{"href":"https:\/\/distillerieduquai.com\/en\/wp-json\/wp\/v2\/product"}],"about":[{"href":"https:\/\/distillerieduquai.com\/en\/wp-json\/wp\/v2\/types\/product"}],"wp:featuredmedia":[{"embeddable":true,"href":"https:\/\/distillerieduquai.com\/en\/wp-json\/wp\/v2\/media\/11083"}],"wp:attachment":[{"href":"https:\/\/distillerieduquai.com\/en\/wp-json\/wp\/v2\/media?parent=9159"}],"wp:term":[{"taxonomy":"product_brand","embeddable":true,"href":"https:\/\/distillerieduquai.com\/en\/wp-json\/wp\/v2\/product_brand?post=9159"},{"taxonomy":"product_cat","embeddable":true,"href":"https:\/\/distillerieduquai.com\/en\/wp-json\/wp\/v2\/product_cat?post=9159"},{"taxonomy":"product_tag","embeddable":true,"href":"https:\/\/distillerieduquai.com\/en\/wp-json\/wp\/v2\/product_tag?post=9159"}],"curies":[{"name":"wp","href":"https:\/\/api.w.org\/{rel}","templated":true}]}}