{"id":9326,"date":"2024-05-08T15:10:26","date_gmt":"2024-05-08T19:10:26","guid":{"rendered":"https:\/\/distillerieduquai.com\/?post_type=product&#038;p=9326"},"modified":"2026-04-25T21:42:09","modified_gmt":"2026-04-26T01:42:09","slug":"epices-tout-usage-rimjob-sugar-daddy-bacon","status":"publish","type":"product","link":"https:\/\/distillerieduquai.com\/en\/boutique\/aromates\/epices-tout-usage-rimjob-sugar-daddy-bacon\/","title":{"rendered":"\u00c9pices tout usage #RIMJOB &#8211; Sugar Daddy Bacon"},"content":{"rendered":"<p>Les \u00e9pices tout usage #RIMJOB est l\u2019alli\u00e9 parfait pour les bloody Caesar et toutes ses d\u00e9clinaisons. Fum\u00e9, citronn\u00e9 et l\u00e9g\u00e8rement piquant en finale, il est aussi un m\u00e9lange d&#039;\u00e9pices tout usage qui convient au poulet, au porc et fait des merveilles sur les fruits de mer et les poissons! (320g)<\/p>\n<p>Ingr\u00e9dients : Sel, sucre (sucre blanc), \u00e9pices irradi\u00e9es, l\u00e9gumes d\u00e9shydrat\u00e9s (ail, oignon), ar\u00f4me, acide citrique, fum\u00e9e en poudre (mesquite), huile v\u00e9g\u00e9tale (canola)<\/p>\n<p>Sans GMS, sans ar\u00f4me artificiel, sans gluten<\/p>\n<p><\/p>\n","protected":false},"excerpt":{"rendered":"<p>Les \u00e9pices tout usage #RIMJOB est l\u2019alli\u00e9 parfait pour les bloody Caesar et toutes ses d\u00e9clinaisons. Fum\u00e9, citronn\u00e9 et l\u00e9g\u00e8rement piquant en finale, il est aussi un m\u00e9lange d&#039;\u00e9pices tout usage qui convient au poulet, au porc et fait des merveilles sur les fruits de mer et les poissons! (320g) Ingr\u00e9dients : Sel, sucre (sucre [&hellip;]<\/p>\n","protected":false},"featured_media":9793,"template":"","meta":{"_acf_changed":false},"product_brand":[],"product_cat":[248],"product_tag":[],"class_list":{"0":"post-9326","1":"product","2":"type-product","3":"status-publish","4":"has-post-thumbnail","6":"product_cat-aromates","8":"first","9":"instock","10":"purchasable","11":"product-type-simple"},"acf":[],"jetpack_sharing_enabled":true,"_links":{"self":[{"href":"https:\/\/distillerieduquai.com\/en\/wp-json\/wp\/v2\/product\/9326","targetHints":{"allow":["GET"]}}],"collection":[{"href":"https:\/\/distillerieduquai.com\/en\/wp-json\/wp\/v2\/product"}],"about":[{"href":"https:\/\/distillerieduquai.com\/en\/wp-json\/wp\/v2\/types\/product"}],"wp:featuredmedia":[{"embeddable":true,"href":"https:\/\/distillerieduquai.com\/en\/wp-json\/wp\/v2\/media\/9793"}],"wp:attachment":[{"href":"https:\/\/distillerieduquai.com\/en\/wp-json\/wp\/v2\/media?parent=9326"}],"wp:term":[{"taxonomy":"product_brand","embeddable":true,"href":"https:\/\/distillerieduquai.com\/en\/wp-json\/wp\/v2\/product_brand?post=9326"},{"taxonomy":"product_cat","embeddable":true,"href":"https:\/\/distillerieduquai.com\/en\/wp-json\/wp\/v2\/product_cat?post=9326"},{"taxonomy":"product_tag","embeddable":true,"href":"https:\/\/distillerieduquai.com\/en\/wp-json\/wp\/v2\/product_tag?post=9326"}],"curies":[{"name":"wp","href":"https:\/\/api.w.org\/{rel}","templated":true}]}}