{"id":9655,"date":"2024-05-28T11:53:42","date_gmt":"2024-05-28T15:53:42","guid":{"rendered":"https:\/\/distillerieduquai.com\/?post_type=product&#038;p=9655"},"modified":"2026-04-13T10:28:43","modified_gmt":"2026-04-13T14:28:43","slug":"casquette-grise","status":"publish","type":"product","link":"https:\/\/distillerieduquai.com\/en\/boutique\/vetements\/casquette-grise\/","title":{"rendered":"Casquette grise"},"content":{"rendered":"<p>On vous demandera quelle \u00e9quipe de la MLB est DDQ. R\u00e9pondez-leur que c&#39;est l&#39;\u00e9quipe des gagnants et que vous en faites partie. <\/p>\n<p><\/p>\n<p>Offerte en deux tailles et deux couleurs. Et c&#39;est fini de vous demandez si vous devriez acheter votre palette plate ou courb\u00e9e: elle peut se former\u00a0\u00e0 votre guise gr\u00e2ce \u00e0 la technologie Flex brevet\u00e9e.<\/p>\n","protected":false},"excerpt":{"rendered":"<p>On vous demandera quelle \u00e9quipe de la MLB est DDQ. R\u00e9pondez-leur que c&#39;est l&#39;\u00e9quipe des gagnants et que vous en faites partie. Offerte en deux tailles et deux couleurs. Et c&#39;est fini de vous demandez si vous devriez acheter votre palette plate ou courb\u00e9e: elle peut se former\u00a0\u00e0 votre guise gr\u00e2ce \u00e0 la technologie Flex [&hellip;]<\/p>\n","protected":false},"featured_media":9795,"template":"","meta":{"_acf_changed":false},"product_brand":[],"product_cat":[201],"product_tag":[],"class_list":{"0":"post-9655","1":"product","2":"type-product","3":"status-publish","4":"has-post-thumbnail","6":"product_cat-vetements","8":"first","9":"instock","10":"taxable","11":"shipping-taxable","12":"purchasable","13":"product-type-variable"},"acf":[],"jetpack_sharing_enabled":true,"_links":{"self":[{"href":"https:\/\/distillerieduquai.com\/en\/wp-json\/wp\/v2\/product\/9655","targetHints":{"allow":["GET"]}}],"collection":[{"href":"https:\/\/distillerieduquai.com\/en\/wp-json\/wp\/v2\/product"}],"about":[{"href":"https:\/\/distillerieduquai.com\/en\/wp-json\/wp\/v2\/types\/product"}],"wp:featuredmedia":[{"embeddable":true,"href":"https:\/\/distillerieduquai.com\/en\/wp-json\/wp\/v2\/media\/9795"}],"wp:attachment":[{"href":"https:\/\/distillerieduquai.com\/en\/wp-json\/wp\/v2\/media?parent=9655"}],"wp:term":[{"taxonomy":"product_brand","embeddable":true,"href":"https:\/\/distillerieduquai.com\/en\/wp-json\/wp\/v2\/product_brand?post=9655"},{"taxonomy":"product_cat","embeddable":true,"href":"https:\/\/distillerieduquai.com\/en\/wp-json\/wp\/v2\/product_cat?post=9655"},{"taxonomy":"product_tag","embeddable":true,"href":"https:\/\/distillerieduquai.com\/en\/wp-json\/wp\/v2\/product_tag?post=9655"}],"curies":[{"name":"wp","href":"https:\/\/api.w.org\/{rel}","templated":true}]}}