{"id":9669,"date":"2024-05-28T12:09:31","date_gmt":"2024-05-28T16:09:31","guid":{"rendered":"https:\/\/distillerieduquai.com\/?post_type=product&#038;p=9669"},"modified":"2026-05-08T22:08:43","modified_gmt":"2026-05-09T02:08:43","slug":"tonic-bulls-head","status":"publish","type":"product","link":"https:\/\/distillerieduquai.com\/en\/boutique\/bulls-head\/tonic-bulls-head\/","title":{"rendered":"Tonic &#8211; Bull&#8217;s Head"},"content":{"rendered":"<p>Ce tonic a un l\u00e9ger go\u00fbt citronn\u00e9 et une amertume marqu\u00e9e gr\u00e2ce \u00e0 la pr\u00e9sence de quinine.<\/p>\n<p>Produit sans alcool<\/p>\n","protected":false},"excerpt":{"rendered":"<p>Ce tonic a un l\u00e9ger go\u00fbt citronn\u00e9 et une amertume marqu\u00e9e gr\u00e2ce \u00e0 la pr\u00e9sence de quinine. Produit sans alcool<\/p>\n","protected":false},"featured_media":11068,"template":"","meta":{"_acf_changed":false},"product_brand":[],"product_cat":[288],"product_tag":[],"class_list":{"0":"post-9669","1":"product","2":"type-product","3":"status-publish","4":"has-post-thumbnail","6":"product_cat-bulls-head","8":"first","9":"instock","10":"taxable","11":"shipping-taxable","12":"purchasable","13":"product-type-simple"},"acf":[],"jetpack_sharing_enabled":true,"_links":{"self":[{"href":"https:\/\/distillerieduquai.com\/en\/wp-json\/wp\/v2\/product\/9669","targetHints":{"allow":["GET"]}}],"collection":[{"href":"https:\/\/distillerieduquai.com\/en\/wp-json\/wp\/v2\/product"}],"about":[{"href":"https:\/\/distillerieduquai.com\/en\/wp-json\/wp\/v2\/types\/product"}],"wp:featuredmedia":[{"embeddable":true,"href":"https:\/\/distillerieduquai.com\/en\/wp-json\/wp\/v2\/media\/11068"}],"wp:attachment":[{"href":"https:\/\/distillerieduquai.com\/en\/wp-json\/wp\/v2\/media?parent=9669"}],"wp:term":[{"taxonomy":"product_brand","embeddable":true,"href":"https:\/\/distillerieduquai.com\/en\/wp-json\/wp\/v2\/product_brand?post=9669"},{"taxonomy":"product_cat","embeddable":true,"href":"https:\/\/distillerieduquai.com\/en\/wp-json\/wp\/v2\/product_cat?post=9669"},{"taxonomy":"product_tag","embeddable":true,"href":"https:\/\/distillerieduquai.com\/en\/wp-json\/wp\/v2\/product_tag?post=9669"}],"curies":[{"name":"wp","href":"https:\/\/api.w.org\/{rel}","templated":true}]}}