{"id":9865,"date":"2024-06-14T16:56:06","date_gmt":"2024-06-14T20:56:06","guid":{"rendered":"https:\/\/distillerieduquai.com\/?post_type=product&#038;p=9865"},"modified":"2026-04-25T18:08:30","modified_gmt":"2026-04-25T22:08:30","slug":"la-folle-furieuse-sauce-bbq-piquante","status":"publish","type":"product","link":"https:\/\/distillerieduquai.com\/en\/boutique\/aromates\/la-folle-furieuse-sauce-bbq-piquante\/","title":{"rendered":"La Folle Furieuse"},"content":{"rendered":"<p>Elle porte bien son nom car c&#039;est pour l&#039;amatrice, ou l&#039;amateur, de piment averti(e).<\/p>\n<p>\u00c0 noter que malgr\u00e9 ses airs de folie, elle demeure une sauce BBQ et donc est con\u00e7ue pour \u00eatre mang\u00e9e et non seulement pour faire fondre vos dents. \u00c0 utiliser en marinade, en cuisson ou directement dans l&#039;assiette si tu aimes \u00e7a \u00e9pic\u00e9. <\/p>\n<p><\/p>\n<p>Pr\u00e9par\u00e9 par Fumivore \u00e0 Victoriaville.<\/p>\n<p><\/p>\n","protected":false},"excerpt":{"rendered":"<p>Elle porte bien son nom car c&#039;est pour l&#039;amatrice, ou l&#039;amateur, de piment averti(e). \u00c0 noter que malgr\u00e9 ses airs de folie, elle demeure une sauce BBQ et donc est con\u00e7ue pour \u00eatre mang\u00e9e et non seulement pour faire fondre vos dents. \u00c0 utiliser en marinade, en cuisson ou directement dans l&#039;assiette si tu aimes [&hellip;]<\/p>\n","protected":false},"featured_media":10481,"template":"","meta":{"_acf_changed":false},"product_brand":[],"product_cat":[248],"product_tag":[],"class_list":{"0":"post-9865","1":"product","2":"type-product","3":"status-publish","4":"has-post-thumbnail","6":"product_cat-aromates","8":"first","9":"instock","10":"purchasable","11":"product-type-simple"},"acf":[],"jetpack_sharing_enabled":true,"_links":{"self":[{"href":"https:\/\/distillerieduquai.com\/en\/wp-json\/wp\/v2\/product\/9865","targetHints":{"allow":["GET"]}}],"collection":[{"href":"https:\/\/distillerieduquai.com\/en\/wp-json\/wp\/v2\/product"}],"about":[{"href":"https:\/\/distillerieduquai.com\/en\/wp-json\/wp\/v2\/types\/product"}],"wp:featuredmedia":[{"embeddable":true,"href":"https:\/\/distillerieduquai.com\/en\/wp-json\/wp\/v2\/media\/10481"}],"wp:attachment":[{"href":"https:\/\/distillerieduquai.com\/en\/wp-json\/wp\/v2\/media?parent=9865"}],"wp:term":[{"taxonomy":"product_brand","embeddable":true,"href":"https:\/\/distillerieduquai.com\/en\/wp-json\/wp\/v2\/product_brand?post=9865"},{"taxonomy":"product_cat","embeddable":true,"href":"https:\/\/distillerieduquai.com\/en\/wp-json\/wp\/v2\/product_cat?post=9865"},{"taxonomy":"product_tag","embeddable":true,"href":"https:\/\/distillerieduquai.com\/en\/wp-json\/wp\/v2\/product_tag?post=9865"}],"curies":[{"name":"wp","href":"https:\/\/api.w.org\/{rel}","templated":true}]}}